{"id":603,"date":"2018-01-31T18:01:37","date_gmt":"2018-01-31T17:01:37","guid":{"rendered":"https:\/\/fitdurchdenken.de\/?page_id=603"},"modified":"2018-02-12T16:06:25","modified_gmt":"2018-02-12T15:06:25","slug":"berufstaetige","status":"publish","type":"page","link":"https:\/\/fitdurchdenken.de\/index.php\/zielgruppen\/berufstaetige\/","title":{"rendered":"Berufst\u00e4tige"},"content":{"rendered":"<p><strong>Unser Fen\u00adster zur&nbsp;Welt!<\/strong><br>\nIn mei\u00adnen Semi\u00adna\u00adren und Kur\u00adsen haben Sie die M\u00f6g\u00adlich\u00adkeit, unter Ber\u00fcck\u00adsich\u00adti\u00adgung Ihrer indi\u00advi\u00addu\u00adel\u00adlen F\u00e4hig\u00adkei\u00adten und Anfor\u00adde\u00adrun\u00adgen, unter ande\u00adrem Ihre per\u00ads\u00f6n\u00adli\u00adche Merk\u00adf\u00e4\u00adhig\u00adkeit zu st\u00e4r\u00adken. Spa\u00df und Freu\u00adde beim Trai\u00adning sind unbe\u00adding\u00adte Vor\u00adaus\u00adset\u00adzung und haben einen festen Platz in der Kursgestaltung.<br>\nEs gibt kei\u00adnen Lei\u00adstungs\u00addruck. Jeder Ein\u00adzel\u00adne wird gef\u00f6r\u00addert, nie\u00admand \u00fcberfordert.<br>\nEin star\u00adkes Ged\u00e4cht\u00adnis kommt \u00fcber\u00adall gut an, im Pri\u00advat\u00adle\u00adben und im Beruf. Sie k\u00f6n\u00adnen Men\u00adschen und Din\u00adge, die Ihnen wich\u00adtig sind, beim rich\u00adti\u00adgen Namen nen\u00adnen, k\u00f6n\u00adnen sich Fak\u00adten und Ter\u00admi\u00adne leicht mer\u00adken und sind gei\u00adstig aktiv und flexibel.<br>\nGanz\u00adheit\u00adli\u00adches Ged\u00e4cht\u00adnis\u00adtrai\u00adning bie\u00adtet Unter\u00adst\u00fct\u00adzung durch System und Metho\u00adde. Ganz\u00adheit\u00adli\u00adches Ged\u00e4cht\u00adnis\u00adtrai\u00adning st\u00e4rkt die sozia\u00adle Kom\u00adpe\u00adtenz jedes Einzelnen.<br>\nWer Wis\u00adsen an die n\u00e4ch\u00adste Gene\u00adra\u00adti\u00adon wei\u00adter\u00adgibt, lernt selbst dazu!<br>\n<strong>Ich m\u00f6ch\u00adte Sie inspi\u00adrie\u00adren, Ihnen M\u00f6g\u00adlich\u00adkei\u00adten anbie\u00adten, Sie zum Erfolg f\u00fchren.<\/strong><\/p>\n<p>&nbsp;<\/p>\n<p><a href=\"https:\/\/fitdurchdenken.de\/index.php\/zielgruppen\/\">zur\u00fcck<\/a><\/p>\n","protected":false},"excerpt":{"rendered":"<p>Unser Fen\u00adster zur&nbsp;Welt! In mei\u00adnen Semi\u00adna\u00adren und Kur\u00adsen haben Sie die M\u00f6g\u00adlich\u00adkeit, unter Ber\u00fcck\u00adsich\u00adti\u00adgung Ihrer indi\u00advi\u00addu\u00adel\u00adlen F\u00e4hig\u00adkei\u00adten und Anfor\u00adde\u00adrun\u00adgen, unter ande\u00adrem Ihre per\u00ads\u00f6n\u00adli\u00adche Merk\u00adf\u00e4\u00adhig\u00adkeit zu st\u00e4r\u00adken. Spa\u00df und Freu\u00adde beim Trai\u00adning sind unbe\u00adding\u00adte Vor\u00adaus\u00adset\u00adzung und haben einen festen Platz in der Kurs\u00adge\u00adstal\u00adtung. Es gibt kei\u00adnen Lei\u00adstungs\u00addruck. Jeder Ein\u00adzel\u00adne wird gef\u00f6rdert,&nbsp;\u2026<\/p>\n","protected":false},"author":1,"featured_media":0,"parent":317,"menu_order":2,"comment_status":"closed","ping_status":"closed","template":"","meta":{"_crdt_document":"","wp_typography_post_enhancements_disabled":false,"footnotes":""},"class_list":["post-603","page","type-page","status-publish","hentry"],"yoast_head":"<!-- This site is optimized with the Yoast SEO plugin v27.5 - https:\/\/yoast.com\/product\/yoast-seo-wordpress\/ -->\n<title>Berufst\u00e4tige<\/title>\n<meta name=\"description\" content=\"Zielgruppe Berufst\u00e4tige Beruft\u00e4tiger Arbeiter Arbeiterin Angestellte Angestellter\" \/>\n<meta name=\"robots\" content=\"index, follow, max-snippet:-1, max-image-preview:large, max-video-preview:-1\" \/>\n<link rel=\"canonical\" href=\"https:\/\/fitdurchdenken.de\/index.php\/zielgruppen\/berufstaetige\/\" \/>\n<meta property=\"og:locale\" content=\"de_DE\" \/>\n<meta property=\"og:type\" content=\"article\" \/>\n<meta property=\"og:title\" content=\"Berufst\u00e4tige\" \/>\n<meta property=\"og:description\" content=\"Zielgruppe Berufst\u00e4tige Beruft\u00e4tiger Arbeiter Arbeiterin Angestellte Angestellter\" \/>\n<meta property=\"og:url\" content=\"https:\/\/fitdurchdenken.de\/index.php\/zielgruppen\/berufstaetige\/\" \/>\n<meta property=\"og:site_name\" content=\"Ganzheitliches Ged\u00e4chtnistraining \u2022 Fit durch Denken\" \/>\n<meta property=\"article:modified_time\" content=\"2018-02-12T15:06:25+00:00\" \/>\n<meta name=\"twitter:card\" content=\"summary_large_image\" \/>\n<meta name=\"twitter:label1\" content=\"Gesch\u00e4tzte Lesezeit\" \/>\n\t<meta name=\"twitter:data1\" content=\"1\u00a0Minute\" \/>\n<script type=\"application\/ld+json\" class=\"yoast-schema-graph\">{\"@context\":\"https:\\\/\\\/schema.org\",\"@graph\":[{\"@type\":\"WebPage\",\"@id\":\"https:\\\/\\\/fitdurchdenken.de\\\/index.php\\\/zielgruppen\\\/berufstaetige\\\/\",\"url\":\"https:\\\/\\\/fitdurchdenken.de\\\/index.php\\\/zielgruppen\\\/berufstaetige\\\/\",\"name\":\"Berufst\u00e4tige\",\"isPartOf\":{\"@id\":\"https:\\\/\\\/fitdurchdenken.de\\\/#website\"},\"datePublished\":\"2018-01-31T17:01:37+00:00\",\"dateModified\":\"2018-02-12T15:06:25+00:00\",\"description\":\"Zielgruppe Berufst\u00e4tige Beruft\u00e4tiger Arbeiter Arbeiterin Angestellte Angestellter\",\"breadcrumb\":{\"@id\":\"https:\\\/\\\/fitdurchdenken.de\\\/index.php\\\/zielgruppen\\\/berufstaetige\\\/#breadcrumb\"},\"inLanguage\":\"de\",\"potentialAction\":[{\"@type\":\"ReadAction\",\"target\":[\"https:\\\/\\\/fitdurchdenken.de\\\/index.php\\\/zielgruppen\\\/berufstaetige\\\/\"]}]},{\"@type\":\"BreadcrumbList\",\"@id\":\"https:\\\/\\\/fitdurchdenken.de\\\/index.php\\\/zielgruppen\\\/berufstaetige\\\/#breadcrumb\",\"itemListElement\":[{\"@type\":\"ListItem\",\"position\":1,\"name\":\"Start\",\"item\":\"https:\\\/\\\/fitdurchdenken.de\\\/\"},{\"@type\":\"ListItem\",\"position\":2,\"name\":\"Zielgruppen\",\"item\":\"https:\\\/\\\/fitdurchdenken.de\\\/index.php\\\/zielgruppen\\\/\"},{\"@type\":\"ListItem\",\"position\":3,\"name\":\"Berufst\u00e4tige\"}]},{\"@type\":\"WebSite\",\"@id\":\"https:\\\/\\\/fitdurchdenken.de\\\/#website\",\"url\":\"https:\\\/\\\/fitdurchdenken.de\\\/\",\"name\":\"Ganzheitliches Ged\u00e4chtnistraining \u2022 Fit durch Denken\",\"description\":\"Susanne Phillipp \u2022 Ged\u00e4chtnistrainerin\",\"potentialAction\":[{\"@type\":\"SearchAction\",\"target\":{\"@type\":\"EntryPoint\",\"urlTemplate\":\"https:\\\/\\\/fitdurchdenken.de\\\/?s={search_term_string}\"},\"query-input\":{\"@type\":\"PropertyValueSpecification\",\"valueRequired\":true,\"valueName\":\"search_term_string\"}}],\"inLanguage\":\"de\"}]}<\/script>\n<!-- \/ Yoast SEO plugin. -->","yoast_head_json":{"title":"Berufst\u00e4tige","description":"Zielgruppe Berufst\u00e4tige Beruft\u00e4tiger Arbeiter Arbeiterin Angestellte Angestellter","robots":{"index":"index","follow":"follow","max-snippet":"max-snippet:-1","max-image-preview":"max-image-preview:large","max-video-preview":"max-video-preview:-1"},"canonical":"https:\/\/fitdurchdenken.de\/index.php\/zielgruppen\/berufstaetige\/","og_locale":"de_DE","og_type":"article","og_title":"Berufst\u00e4tige","og_description":"Zielgruppe Berufst\u00e4tige Beruft\u00e4tiger Arbeiter Arbeiterin Angestellte Angestellter","og_url":"https:\/\/fitdurchdenken.de\/index.php\/zielgruppen\/berufstaetige\/","og_site_name":"Ganzheitliches Ged\u00e4chtnistraining \u2022 Fit durch Denken","article_modified_time":"2018-02-12T15:06:25+00:00","twitter_card":"summary_large_image","twitter_misc":{"Gesch\u00e4tzte Lesezeit":"1\u00a0Minute"},"schema":{"@context":"https:\/\/schema.org","@graph":[{"@type":"WebPage","@id":"https:\/\/fitdurchdenken.de\/index.php\/zielgruppen\/berufstaetige\/","url":"https:\/\/fitdurchdenken.de\/index.php\/zielgruppen\/berufstaetige\/","name":"Berufst\u00e4tige","isPartOf":{"@id":"https:\/\/fitdurchdenken.de\/#website"},"datePublished":"2018-01-31T17:01:37+00:00","dateModified":"2018-02-12T15:06:25+00:00","description":"Zielgruppe Berufst\u00e4tige Beruft\u00e4tiger Arbeiter Arbeiterin Angestellte Angestellter","breadcrumb":{"@id":"https:\/\/fitdurchdenken.de\/index.php\/zielgruppen\/berufstaetige\/#breadcrumb"},"inLanguage":"de","potentialAction":[{"@type":"ReadAction","target":["https:\/\/fitdurchdenken.de\/index.php\/zielgruppen\/berufstaetige\/"]}]},{"@type":"BreadcrumbList","@id":"https:\/\/fitdurchdenken.de\/index.php\/zielgruppen\/berufstaetige\/#breadcrumb","itemListElement":[{"@type":"ListItem","position":1,"name":"Start","item":"https:\/\/fitdurchdenken.de\/"},{"@type":"ListItem","position":2,"name":"Zielgruppen","item":"https:\/\/fitdurchdenken.de\/index.php\/zielgruppen\/"},{"@type":"ListItem","position":3,"name":"Berufst\u00e4tige"}]},{"@type":"WebSite","@id":"https:\/\/fitdurchdenken.de\/#website","url":"https:\/\/fitdurchdenken.de\/","name":"Ganzheitliches Ged\u00e4chtnistraining \u2022 Fit durch Denken","description":"Susanne Phillipp \u2022 Ged\u00e4chtnistrainerin","potentialAction":[{"@type":"SearchAction","target":{"@type":"EntryPoint","urlTemplate":"https:\/\/fitdurchdenken.de\/?s={search_term_string}"},"query-input":{"@type":"PropertyValueSpecification","valueRequired":true,"valueName":"search_term_string"}}],"inLanguage":"de"}]}},"_links":{"self":[{"href":"https:\/\/fitdurchdenken.de\/index.php\/wp-json\/wp\/v2\/pages\/603","targetHints":{"allow":["GET"]}}],"collection":[{"href":"https:\/\/fitdurchdenken.de\/index.php\/wp-json\/wp\/v2\/pages"}],"about":[{"href":"https:\/\/fitdurchdenken.de\/index.php\/wp-json\/wp\/v2\/types\/page"}],"author":[{"embeddable":true,"href":"https:\/\/fitdurchdenken.de\/index.php\/wp-json\/wp\/v2\/users\/1"}],"replies":[{"embeddable":true,"href":"https:\/\/fitdurchdenken.de\/index.php\/wp-json\/wp\/v2\/comments?post=603"}],"version-history":[{"count":5,"href":"https:\/\/fitdurchdenken.de\/index.php\/wp-json\/wp\/v2\/pages\/603\/revisions"}],"predecessor-version":[{"id":758,"href":"https:\/\/fitdurchdenken.de\/index.php\/wp-json\/wp\/v2\/pages\/603\/revisions\/758"}],"up":[{"embeddable":true,"href":"https:\/\/fitdurchdenken.de\/index.php\/wp-json\/wp\/v2\/pages\/317"}],"wp:attachment":[{"href":"https:\/\/fitdurchdenken.de\/index.php\/wp-json\/wp\/v2\/media?parent=603"}],"curies":[{"name":"wp","href":"https:\/\/api.w.org\/{rel}","templated":true}]}}