{"id":33,"date":"2017-11-08T15:02:59","date_gmt":"2017-11-08T14:02:59","guid":{"rendered":"http:\/\/fitdurchdenken.de\/?page_id=33"},"modified":"2019-04-23T17:37:47","modified_gmt":"2019-04-23T15:37:47","slug":"start","status":"publish","type":"page","link":"https:\/\/fitdurchdenken.de\/","title":{"rendered":"Start"},"content":{"rendered":"<h2 style=\"text-align: left;\" align=\"center\"><strong><span style=\"font-family: Poppins; color: #333b8f;\"><span style=\"font-family: Poppins;\"><span style=\"font-family: Poppins;\"><span id=\"render_title_container\" class=\"title\"><span id=\"snippet_title\">Ganzheitliches Ged\u00e4chtnistraining. <\/span><\/span><\/span><\/span><\/span><\/strong><\/h2>\n<p style=\"text-align: left;\" align=\"center\"><span style=\"font-family: Poppins; color: #333b8f;\"><span style=\"font-family: Poppins;\"><span style=\"font-family: Poppins;\"><span id=\"render_title_container\" class=\"title\"><span id=\"snippet_title\">Wenn sich die Fra\u00adge stellt, \u00bbWas\u00ab ist Ganz\u00adheit\u00adli\u00adches Ged\u00e4cht\u00adnis\u00adtrai\u00adning und f\u00fcr \u00bbWen\u00ab ist es geeig\u00adnet und was dar\u00adan ist der ganz\u00adheit\u00adli\u00adche Gedan\u00adke, gibt es vie\u00adle Ant\u00adwor\u00adten. Ganz\u00adheit\u00adli\u00adches Ged\u00e4cht\u00adnis\u00adtrai\u00adning kann jeden anspre\u00adchen, der sich mit sei\u00adner gei\u00adsti\u00adgen Fit\u00adness besch\u00e4f\u00adtigt. Der sich fragt, war\u00adum ver\u00adges\u00adse ich Din\u00adge, Namen oder Fak\u00adten so schnell wie\u00adder, bezie\u00adhungs\u00adwei\u00adse kann sie mir gar nicht erst mer\u00adken. Hat es mit dem Alter zu tun? Ja und&nbsp;Nein!<br>\nEs h\u00e4ngt von der Lebens\u00adsi\u00adtua\u00adti\u00adon und der Hal\u00adtung zum Leben im All\u00adge\u00admei\u00adnen ab. Es gilt hier zu dif\u00adfe\u00adren\u00adzie\u00adren; Wer m\u00f6ch\u00adte ler\u00adnen und War\u00adum! Wo pas\u00adsiert Ler\u00adnen auto\u00adma\u00adtisch, wo frei\u00adwil\u00adlig und wo for\u00addern Schu\u00adle, Aus\u00adbil\u00addung, Stu\u00addi\u00adum und die beruf\u00adli\u00adche T\u00e4tig\u00adkeit die gei\u00adsti\u00adgen F\u00e4hig\u00adkei\u00adten und die ent\u00adspre\u00adchen\u00adde Fle\u00adxi\u00adbi\u00adli\u00adt\u00e4t. Wann h\u00f6rt jeg\u00adli\u00adche Anfor\u00adde\u00adrung ver\u00admeint\u00adlich auf, bezie\u00adhungs\u00adwei\u00adse wird durch die Digi\u00adta\u00adli\u00adsie\u00adrung ersetzt.<br>\nEs geht um die Bewusst\u00adwer\u00addung des Geflechts von Hal\u00adtun\u00adgen, Mei\u00adnun\u00adgen und Glau\u00adbens\u00ads\u00e4t\u00adzen, der eige\u00adnen und denen des per\u00ads\u00f6n\u00adli\u00adchen Umfel\u00addes. Wie posi\u00adtio\u00adnie\u00adre ich mich zum The\u00adma Ganz\u00adheit\u00adli\u00adches Ged\u00e4cht\u00adnis\u00adtrai\u00adning, das hei\u00dft, wie fit will ich sein. Wie kann ich mei\u00adne St\u00e4r\u00adken erken\u00adnen und mei\u00adne etwa\u00adigen Schw\u00e4\u00adchen erken\u00adnen und wandeln.<br>\nEs gibt <a href=\"https:\/\/fitdurchdenken.de\/index.php\/ggt\/ziele\/\" target=\"_blank\" rel=\"noopener noreferrer\">12 Trai\u00adnings\u00adzie\u00adle<\/a> im Ganz\u00adheit\u00adli\u00adchen Ged\u00e4cht\u00adnis\u00adtrai\u00adning. Sie geben einen Leit\u00adfa\u00adden, einen Rah\u00admen f\u00fcr das Trai\u00adning&nbsp;vor.<\/span><\/span><\/span><\/span><\/span><\/p>\n<h4 style=\"text-align: left;\" align=\"center\"><span id=\"render_title_container\" class=\"title\" style=\"color: #333b8f;\"><span id=\"snippet_title\">Das Fenster zur&nbsp;Welt<\/span><\/span><\/h4>\n<p style=\"text-align: left;\" align=\"center\"><span id=\"render_title_container\" class=\"title\"><span id=\"snippet_title\"><\/span><\/span><span style=\"font-family: Poppins; color: #333b8f;\"><span style=\"font-family: Poppins;\"><span style=\"font-family: Poppins;\"><span id=\"render_title_container\" class=\"title\"><span id=\"snippet_title\">Je nach <a href=\"https:\/\/fitdurchdenken.de\/index.php\/zielgruppen\/\" target=\"_blank\" rel=\"noopener noreferrer\">Ziel\u00adgrup\u00adpe<\/a> wer\u00adden diver\u00adse Tech\u00adni\u00adken ent\u00adspre\u00adchend sinn\u00advoll ein\u00adge\u00adsetzt. Ob eine Grup\u00adpe jun\u00adger Erwach\u00adse\u00adner, ein Team Berufs\u00adt\u00e4\u00adti\u00adger oder Senio\u00adren, Men\u00adschen mit Demenz, die ein\u00adge\u00adsetz\u00adten <a href=\"https:\/\/fitdurchdenken.de\/index.php\/begruessung\/glossar\/\" target=\"_blank\" rel=\"noopener noreferrer\">Mne\u00admo-Tech\u00adni\u00adken<\/a> unter\u00adst\u00fct\u00adzen die jewei\u00adli\u00adgen Res\u00adsour\u00adcen der Teil\u00adneh\u00admer, gei\u00adstig und k\u00f6r\u00adper\u00adlich. K\u00f6r\u00adper, Geist und See\u00adle wer\u00adden idea\u00adler\u00adwei\u00adse als Team betrach\u00adtet und durch abwechs\u00adlungs\u00adrei\u00adche \u00dcbun\u00adgen glei\u00adcher\u00adma\u00ad\u00dfen ange\u00adspro\u00adchen. Ver\u00adschie\u00adde\u00adne <a href=\"https:\/\/fitdurchdenken.de\/index.php\/begruessung\/glossar\/\" target=\"_blank\" rel=\"noopener noreferrer\">Mne\u00admo-Tech\u00adni\u00adken<\/a> regen durch Den\u00adk\u00fcbun\u00adgen zu logi\u00adschem Den\u00adken an, sie geben Merk\u00adhil\u00adfen an die Hand und stei\u00adgern die kogni\u00adti\u00adven F\u00e4hig\u00adkei\u00adten jedes Ein\u00adzel\u00adnen. So wird durch regel\u00adm\u00e4\u00ad\u00dfi\u00adges Trai\u00adning nach\u00adweis\u00adlich die Kon\u00adzen\u00adtra\u00adti\u00adons\u00adf\u00e4\u00adhig\u00adkeit verbessert.<br>\nDie beste Vor\u00adaus\u00adset\u00adzung Ganz\u00adheit\u00adli\u00adches Ged\u00e4cht\u00adnis\u00adtrai\u00adning ken\u00adnen\u00adzu\u00adler\u00adnen und zu erfah\u00adren ist Neu\u00adgier\u00adde! Die per\u00ads\u00f6n\u00adli\u00adche Moti\u00adva\u00adti\u00adon unter\u00adst\u00fctzt den Erfolg.<br>\nZiel ist es von sich selbst begei\u00adstert zu sein, denn ein zuver\u00adl\u00e4s\u00adsi\u00adges Ged\u00e4cht\u00adnis ist die beste Belohnung.<br>\nSchon Albert Ein\u00adstein sag\u00adte: \u201eDer intui\u00adti\u00adve Geist ist ein hei\u00adli\u00adges Geschenk, der ratio\u00adna\u00adle Geist ein treu\u00ader Diener.\u201c<br>\nGanz\u00adheit\u00adli\u00adches Ged\u00e4cht\u00adnis\u00adtrai\u00adning will Sie inspi\u00adrie\u00adren sich auf den Weg zu machen, nach\u00adzu\u00adden\u00adken, eine oder meh\u00adre\u00adre L\u00f6sun\u00adgen zu fin\u00adden, neu\u00adgie\u00adrig zu sein! So k\u00f6n\u00adnen Sie her\u00adaus\u00adfin\u00adden, ob das, was das Ganz\u00adheit\u00adli\u00adche Ged\u00e4cht\u00adnis\u00adtrai\u00adning Ihnen anbie\u00adtet, von prak\u00adti\u00adschem Wert f\u00fcr Sie ist und Ihnen dar\u00ad\u00fcber hin\u00adaus hilft Ihr Leben zu ver\u00adbes\u00adsern. Es geht dar\u00adum, was Sie tun und so ver\u00adbl\u00fcfft fest\u00adstel\u00adlen wer\u00adden, wel\u00adche M\u00f6g\u00adlich\u00adkei\u00adten Ihnen offen stehen.<\/span><\/span><\/span><\/span><\/span><\/p>\n<h4 style=\"text-align: left;\" align=\"center\"><span style=\"font-family: Poppins; color: #333b8f;\"><span style=\"font-family: Poppins;\"><span style=\"font-family: Poppins;\"><span id=\"render_title_container\" class=\"title\"><span id=\"snippet_title\">Leben in Bewegung<\/span><\/span><\/span><\/span><\/span><\/h4>\n<p style=\"text-align: left;\" align=\"center\"><span id=\"render_title_container\" class=\"title\"><span id=\"snippet_title\"><\/span><\/span>Grund\u00adla\u00adge mei\u00adner Ideen ist das Mot\u00adto: \u00bbFit <span style=\"color: #38b6ab;\">durch<\/span> Den\u00adken!\u00ab Die\u00adse Moti\u00adva\u00adti\u00adon ist in mei\u00adnen Semi\u00adna\u00adren, Vor\u00adtr\u00e4\u00adgen, Kur\u00adsen, Work\u00adshops und Coa\u00adchings das Leit\u00adthe\u00adma.&nbsp; Das k\u00f6n\u00adnen Ein\u00adzel\u00adcoa\u00adchings sein, ler\u00adnen und \u00fcben in klei\u00adnen indi\u00advi\u00addu\u00adel\u00adlen Grup\u00adpen und auch Semi\u00adna\u00adre in Fir\u00admen und Unter\u00adneh\u00admen. Dabei ste\u00adhen das Ler\u00adnen und \u00dcben mit Spa\u00df und Freu\u00adde im Vor\u00adder\u00adgrund, ohne jede Art von Stress und Leistungsdruck!<br>\nGei\u00adsti\u00adge und K\u00f6r\u00adper\u00adli\u00adche Fit\u00adness sind wesent\u00adli\u00adche Fak\u00adto\u00adren, um die eige\u00adne Lei\u00adstungs\u00adf\u00e4\u00adhig\u00adkeit in Leben und Beruf zu gew\u00e4hr\u00adlei\u00adsten. F\u00fch\u00adlen wir uns wohl, k\u00f6n\u00adnen wir den Anfor\u00adde\u00adrun\u00adgen im t\u00e4g\u00adli\u00adchen Leben freu\u00addig begeg\u00adnen. Dar\u00adum: Sor\u00adgen Sie f\u00fcr sich. Hal\u00adten Sie sich ganz\u00adheit\u00adlich, also gei\u00adstig und k\u00f6r\u00adper\u00adlich fit, gesund und munter!<br>\nAus die\u00adsem Gedan\u00adken ent\u00adstand zu mei\u00adner gro\u00ad\u00dfen Freu\u00adde die beson\u00adde\u00adre und erst\u00adma\u00adli\u00adge Koope\u00adra\u00adti\u00adon mit einer Nia Tea\u00adche\u00adrin. Dadurch ist es m\u00f6g\u00adlich Sie den ganz\u00adheit\u00adli\u00adchen Gedan\u00adken unmit\u00adtel\u00adbar erfah\u00adren zu las\u00adsen; fit <span style=\"color: #38b6ab;\">durch<\/span> den\u00adken und tanzen!<br>\n\u00bbGanz\u00adheit\u00adli\u00adches Ged\u00e4cht\u00adnis\u00adtrai\u00adning <span class=\"amp\">&amp;<\/span>&nbsp;Nia im Kloster\u00ab<\/p>\n<h4 style=\"text-align: center;\" align=\"center\"><span style=\"font-family: Poppins; color: #333b8f;\"><span style=\"font-family: Poppins;\"><span style=\"font-family: Poppins;\"><span id=\"render_title_container\" class=\"title\"><span id=\"snippet_title\"><br>\nGanzheitliches Ged\u00e4chtnistraining<\/span><\/span><\/span><\/span><\/span><\/h4>\n<h2 align=\"center\"><strong><span style=\"font-family: Poppins;\"><span style=\"font-family: Poppins;\"><span style=\"font-family: Poppins;\"><span style=\"color: #333b8f;\">Susanne Phillipp<\/span><\/span><\/span><\/span><\/strong><\/h2>\n<p align=\"center\"><span style=\"color: #333b8f;\">Ged\u00e4cht\u00adnis\u00adtrai\u00adne\u00adrin<\/span><\/p>\n<p align=\"center\"><span style=\"color: #333b8f;\">zer\u00adti\u00adfi\u00adzert vom&nbsp;<span class=\"caps\">BVGT<\/span><\/span><\/p>\n<p align=\"center\"><span style=\"font-family: Poppins;\"><span style=\"font-family: Poppins;\"><span style=\"font-family: Poppins;\"><span style=\"color: #333b8f;\">fit<span style=\"color: #38b6ab;\">durch<\/span>den\u00adken<\/span><\/span><\/span><\/span><\/p>\n<p align=\"center\">&nbsp; <img loading=\"lazy\" decoding=\"async\" class=\"alignnone wp-image-714 size-medium\" title=\"Ganzheitliches Ged\u00e4chtnistraing Susanne Phillipp Fit durch Denken\" src=\"https:\/\/fitdurchdenken.de\/wp-content\/uploads\/0-fdd\/logos\/fdd-01-500-225x300.jpg\" alt width=\"225\" height=\"300\" srcset=\"https:\/\/fitdurchdenken.de\/wp-content\/uploads\/0-fdd\/logos\/fdd-01-500-225x300.jpg 225w, https:\/\/fitdurchdenken.de\/wp-content\/uploads\/0-fdd\/logos\/fdd-01-500-262x350.jpg 262w, https:\/\/fitdurchdenken.de\/wp-content\/uploads\/0-fdd\/logos\/fdd-01-500.jpg 500w\" sizes=\"auto, (max-width: 225px) 100vw, 225px\"><span style=\"font-family: Poppins;\"><span style=\"font-family: Poppins;\"><span style=\"font-family: Poppins;\"><br>\n<\/span><\/span><\/span><\/p>\n<p align=\"center\"><span style=\"font-family: Poppins;\"><span style=\"font-family: Poppins;\"><span style=\"font-family: Poppins;\"><b>Ganz\u00adheit\u00adli\u00adches Ged\u00e4chtnistraining<\/b><\/span><\/span><\/span><\/p>\n<p align=\"center\"><span style=\"color: #333b8f;\">Im Gesund\u00adheits\u00adbe\u00adreich, in der P\u00e4d\u00adago\u00adgik und auch im <b><span class=\"caps\">GGT<\/span><\/b><\/span><br>\n<span style=\"color: #333b8f;\"> bedeu\u00adtet Ganz\u00adheit\u00adlich\u00adkeit die Betei\u00adli\u00adgung von K\u00f6r\u00adper,&nbsp;Geist<\/span><br>\n<span style=\"color: #333b8f;\"> und See\u00adle. Es f\u00f6r\u00addert die Kom\u00admu\u00adni\u00adka\u00adti\u00adon, die Krea\u00adti\u00advi\u00adt\u00e4t und Fantasie,<\/span><br>\n<span style=\"color: #333b8f;\"> das Wahr\u00adneh\u00admen von Gef\u00fch\u00adlen und erm\u00f6g\u00adlicht Entspannung.<\/span><\/p>\n<p align=\"center\"><span style=\"color: #333b8f;\"><b>Das alles st\u00e4rkt das Selbstbewusstsein!<\/b><\/span><\/p>\n<div align=\"center\"><span style=\"color: #333b8f;\">&nbsp;<\/span><\/div>\n<div align=\"center\">\n<p><span style=\"color: #333b8f;\">Bei Fra\u00adgen nut\u00adzen Sie bit\u00adte das <a href=\"https:\/\/fitdurchdenken.de\/index.php\/kontaktformular\/\">Kon\u00adtakt\u00adfor\u00admu\u00adlar<\/a><\/span><\/p>\n<\/div>\n","protected":false},"excerpt":{"rendered":"<p>Ganz\u00adheit\u00adli\u00adches Ged\u00e4cht\u00adnis\u00adtrai\u00adning. Wenn sich die Fra\u00adge stellt, \u00bbWas\u00ab ist Ganz\u00adheit\u00adli\u00adches Ged\u00e4cht\u00adnis\u00adtrai\u00adning und f\u00fcr \u00bbWen\u00ab ist es geeig\u00adnet und was dar\u00adan ist der ganz\u00adheit\u00adli\u00adche Gedan\u00adke, gibt es vie\u00adle Ant\u00adwor\u00adten. Ganz\u00adheit\u00adli\u00adches Ged\u00e4cht\u00adnis\u00adtrai\u00adning kann jeden anspre\u00adchen, der sich mit sei\u00adner gei\u00adsti\u00adgen Fit\u00adness besch\u00e4f\u00adtigt. Der sich fragt, war\u00adum ver\u00adges\u00adse ich Din\u00adge, Namen oder Fakten&nbsp;\u2026<\/p>\n","protected":false},"author":1,"featured_media":0,"parent":0,"menu_order":1,"comment_status":"closed","ping_status":"closed","template":"","meta":{"_crdt_document":"","wp_typography_post_enhancements_disabled":false,"footnotes":""},"class_list":["post-33","page","type-page","status-publish","hentry"],"yoast_head":"<!-- This site is optimized with the Yoast SEO plugin v27.1.1 - https:\/\/yoast.com\/product\/yoast-seo-wordpress\/ -->\n<title>Startseite<\/title>\n<meta name=\"description\" content=\"Ganzheitliches Ged\u00e4chtnistraining fit durch denken Susanne Phillipp Ged\u00e4chtnistrainerin Ged\u00e4chtnistrainer Seminare Vortr\u00e4ge Kurse Workshops Coachings Trainingsziele Gehirn Logisches Denken Denk\u00fcbungen Konzentrationsf\u00e4higkeit Zielgruppen Berufst\u00e4tige Firmen Unternehmen Senioren Demenz Kinder Jugendliche Nia Tanzen Fitness Spiekeroog Fit\" \/>\n<meta name=\"robots\" content=\"index, follow, max-snippet:-1, max-image-preview:large, max-video-preview:-1\" \/>\n<link rel=\"canonical\" href=\"https:\/\/fitdurchdenken.de\/\" \/>\n<meta property=\"og:locale\" content=\"de_DE\" \/>\n<meta property=\"og:type\" content=\"article\" \/>\n<meta property=\"og:title\" content=\"Startseite\" \/>\n<meta property=\"og:description\" content=\"Ganzheitliches Ged\u00e4chtnistraining fit durch denken Susanne Phillipp Ged\u00e4chtnistrainerin Ged\u00e4chtnistrainer Seminare Vortr\u00e4ge Kurse Workshops Coachings Trainingsziele Gehirn Logisches Denken Denk\u00fcbungen Konzentrationsf\u00e4higkeit Zielgruppen Berufst\u00e4tige Firmen Unternehmen Senioren Demenz Kinder Jugendliche Nia Tanzen Fitness Spiekeroog Fit\" \/>\n<meta property=\"og:url\" content=\"https:\/\/fitdurchdenken.de\/\" \/>\n<meta property=\"og:site_name\" content=\"Ganzheitliches Ged\u00e4chtnistraining \u2022 Fit durch Denken\" \/>\n<meta property=\"article:modified_time\" content=\"2019-04-23T15:37:47+00:00\" \/>\n<meta property=\"og:image\" content=\"https:\/\/fitdurchdenken.de\/wp-content\/uploads\/0-fdd\/logos\/fdd-01-500-225x300.jpg\" \/>\n<meta name=\"twitter:card\" content=\"summary_large_image\" \/>\n<meta name=\"twitter:label1\" content=\"Gesch\u00e4tzte Lesezeit\" \/>\n\t<meta name=\"twitter:data1\" content=\"3\u00a0Minuten\" \/>\n<script type=\"application\/ld+json\" class=\"yoast-schema-graph\">{\"@context\":\"https:\/\/schema.org\",\"@graph\":[{\"@type\":\"WebPage\",\"@id\":\"https:\/\/fitdurchdenken.de\/\",\"url\":\"https:\/\/fitdurchdenken.de\/\",\"name\":\"Startseite\",\"isPartOf\":{\"@id\":\"https:\/\/fitdurchdenken.de\/#website\"},\"primaryImageOfPage\":{\"@id\":\"https:\/\/fitdurchdenken.de\/#primaryimage\"},\"image\":{\"@id\":\"https:\/\/fitdurchdenken.de\/#primaryimage\"},\"thumbnailUrl\":\"https:\/\/fitdurchdenken.de\/wp-content\/uploads\/0-fdd\/logos\/fdd-01-500-225x300.jpg\",\"datePublished\":\"2017-11-08T14:02:59+00:00\",\"dateModified\":\"2019-04-23T15:37:47+00:00\",\"description\":\"Ganzheitliches Ged\u00e4chtnistraining fit durch denken Susanne Phillipp Ged\u00e4chtnistrainerin Ged\u00e4chtnistrainer Seminare Vortr\u00e4ge Kurse Workshops Coachings Trainingsziele Gehirn Logisches Denken Denk\u00fcbungen Konzentrationsf\u00e4higkeit Zielgruppen Berufst\u00e4tige Firmen Unternehmen Senioren Demenz Kinder Jugendliche Nia Tanzen Fitness Spiekeroog Fit\",\"breadcrumb\":{\"@id\":\"https:\/\/fitdurchdenken.de\/#breadcrumb\"},\"inLanguage\":\"de\",\"potentialAction\":[{\"@type\":\"ReadAction\",\"target\":[\"https:\/\/fitdurchdenken.de\/\"]}]},{\"@type\":\"ImageObject\",\"inLanguage\":\"de\",\"@id\":\"https:\/\/fitdurchdenken.de\/#primaryimage\",\"url\":\"https:\/\/fitdurchdenken.de\/wp-content\/uploads\/0-fdd\/logos\/fdd-01-500.jpg\",\"contentUrl\":\"https:\/\/fitdurchdenken.de\/wp-content\/uploads\/0-fdd\/logos\/fdd-01-500.jpg\",\"width\":\"500\",\"height\":\"667\"},{\"@type\":\"BreadcrumbList\",\"@id\":\"https:\/\/fitdurchdenken.de\/#breadcrumb\",\"itemListElement\":[{\"@type\":\"ListItem\",\"position\":1,\"name\":\"Start\",\"item\":\"https:\/\/fitdurchdenken.de\/\"},{\"@type\":\"ListItem\",\"position\":2,\"name\":\"Start\"}]},{\"@type\":\"WebSite\",\"@id\":\"https:\/\/fitdurchdenken.de\/#website\",\"url\":\"https:\/\/fitdurchdenken.de\/\",\"name\":\"Ganzheitliches Ged\u00e4chtnistraining \u2022 Fit durch Denken\",\"description\":\"Susanne Phillipp \u2022 Ged\u00e4chtnistrainerin\",\"potentialAction\":[{\"@type\":\"SearchAction\",\"target\":{\"@type\":\"EntryPoint\",\"urlTemplate\":\"https:\/\/fitdurchdenken.de\/?s={search_term_string}\"},\"query-input\":{\"@type\":\"PropertyValueSpecification\",\"valueRequired\":true,\"valueName\":\"search_term_string\"}}],\"inLanguage\":\"de\"}]}<\/script>\n<!-- \/ Yoast SEO plugin. -->","yoast_head_json":{"title":"Startseite","description":"Ganzheitliches Ged\u00e4chtnistraining fit durch denken Susanne Phillipp Ged\u00e4chtnistrainerin Ged\u00e4chtnistrainer Seminare Vortr\u00e4ge Kurse Workshops Coachings Trainingsziele Gehirn Logisches Denken Denk\u00fcbungen Konzentrationsf\u00e4higkeit Zielgruppen Berufst\u00e4tige Firmen Unternehmen Senioren Demenz Kinder Jugendliche Nia Tanzen Fitness Spiekeroog Fit","robots":{"index":"index","follow":"follow","max-snippet":"max-snippet:-1","max-image-preview":"max-image-preview:large","max-video-preview":"max-video-preview:-1"},"canonical":"https:\/\/fitdurchdenken.de\/","og_locale":"de_DE","og_type":"article","og_title":"Startseite","og_description":"Ganzheitliches Ged\u00e4chtnistraining fit durch denken Susanne Phillipp Ged\u00e4chtnistrainerin Ged\u00e4chtnistrainer Seminare Vortr\u00e4ge Kurse Workshops Coachings Trainingsziele Gehirn Logisches Denken Denk\u00fcbungen Konzentrationsf\u00e4higkeit Zielgruppen Berufst\u00e4tige Firmen Unternehmen Senioren Demenz Kinder Jugendliche Nia Tanzen Fitness Spiekeroog Fit","og_url":"https:\/\/fitdurchdenken.de\/","og_site_name":"Ganzheitliches Ged\u00e4chtnistraining \u2022 Fit durch Denken","article_modified_time":"2019-04-23T15:37:47+00:00","og_image":[{"url":"https:\/\/fitdurchdenken.de\/wp-content\/uploads\/0-fdd\/logos\/fdd-01-500-225x300.jpg","type":"","width":"","height":""}],"twitter_card":"summary_large_image","twitter_misc":{"Gesch\u00e4tzte Lesezeit":"3\u00a0Minuten"},"schema":{"@context":"https:\/\/schema.org","@graph":[{"@type":"WebPage","@id":"https:\/\/fitdurchdenken.de\/","url":"https:\/\/fitdurchdenken.de\/","name":"Startseite","isPartOf":{"@id":"https:\/\/fitdurchdenken.de\/#website"},"primaryImageOfPage":{"@id":"https:\/\/fitdurchdenken.de\/#primaryimage"},"image":{"@id":"https:\/\/fitdurchdenken.de\/#primaryimage"},"thumbnailUrl":"https:\/\/fitdurchdenken.de\/wp-content\/uploads\/0-fdd\/logos\/fdd-01-500-225x300.jpg","datePublished":"2017-11-08T14:02:59+00:00","dateModified":"2019-04-23T15:37:47+00:00","description":"Ganzheitliches Ged\u00e4chtnistraining fit durch denken Susanne Phillipp Ged\u00e4chtnistrainerin Ged\u00e4chtnistrainer Seminare Vortr\u00e4ge Kurse Workshops Coachings Trainingsziele Gehirn Logisches Denken Denk\u00fcbungen Konzentrationsf\u00e4higkeit Zielgruppen Berufst\u00e4tige Firmen Unternehmen Senioren Demenz Kinder Jugendliche Nia Tanzen Fitness Spiekeroog Fit","breadcrumb":{"@id":"https:\/\/fitdurchdenken.de\/#breadcrumb"},"inLanguage":"de","potentialAction":[{"@type":"ReadAction","target":["https:\/\/fitdurchdenken.de\/"]}]},{"@type":"ImageObject","inLanguage":"de","@id":"https:\/\/fitdurchdenken.de\/#primaryimage","url":"https:\/\/fitdurchdenken.de\/wp-content\/uploads\/0-fdd\/logos\/fdd-01-500.jpg","contentUrl":"https:\/\/fitdurchdenken.de\/wp-content\/uploads\/0-fdd\/logos\/fdd-01-500.jpg","width":"500","height":"667"},{"@type":"BreadcrumbList","@id":"https:\/\/fitdurchdenken.de\/#breadcrumb","itemListElement":[{"@type":"ListItem","position":1,"name":"Start","item":"https:\/\/fitdurchdenken.de\/"},{"@type":"ListItem","position":2,"name":"Start"}]},{"@type":"WebSite","@id":"https:\/\/fitdurchdenken.de\/#website","url":"https:\/\/fitdurchdenken.de\/","name":"Ganzheitliches Ged\u00e4chtnistraining \u2022 Fit durch Denken","description":"Susanne Phillipp \u2022 Ged\u00e4chtnistrainerin","potentialAction":[{"@type":"SearchAction","target":{"@type":"EntryPoint","urlTemplate":"https:\/\/fitdurchdenken.de\/?s={search_term_string}"},"query-input":{"@type":"PropertyValueSpecification","valueRequired":true,"valueName":"search_term_string"}}],"inLanguage":"de"}]}},"_links":{"self":[{"href":"https:\/\/fitdurchdenken.de\/index.php\/wp-json\/wp\/v2\/pages\/33","targetHints":{"allow":["GET"]}}],"collection":[{"href":"https:\/\/fitdurchdenken.de\/index.php\/wp-json\/wp\/v2\/pages"}],"about":[{"href":"https:\/\/fitdurchdenken.de\/index.php\/wp-json\/wp\/v2\/types\/page"}],"author":[{"embeddable":true,"href":"https:\/\/fitdurchdenken.de\/index.php\/wp-json\/wp\/v2\/users\/1"}],"replies":[{"embeddable":true,"href":"https:\/\/fitdurchdenken.de\/index.php\/wp-json\/wp\/v2\/comments?post=33"}],"version-history":[{"count":44,"href":"https:\/\/fitdurchdenken.de\/index.php\/wp-json\/wp\/v2\/pages\/33\/revisions"}],"predecessor-version":[{"id":1963,"href":"https:\/\/fitdurchdenken.de\/index.php\/wp-json\/wp\/v2\/pages\/33\/revisions\/1963"}],"wp:attachment":[{"href":"https:\/\/fitdurchdenken.de\/index.php\/wp-json\/wp\/v2\/media?parent=33"}],"curies":[{"name":"wp","href":"https:\/\/api.w.org\/{rel}","templated":true}]}}