{"id":1831,"date":"2019-01-01T14:00:54","date_gmt":"2019-01-01T13:00:54","guid":{"rendered":"https:\/\/fitdurchdenken.de\/?page_id=1831"},"modified":"2019-01-01T14:00:54","modified_gmt":"2019-01-01T13:00:54","slug":"vortrag-bei-bahama-sports-osnabrueck-luestringen","status":"publish","type":"page","link":"https:\/\/fitdurchdenken.de\/index.php\/vortrag-bei-bahama-sports-osnabrueck-luestringen\/","title":{"rendered":"Vortrag bei Bahama-Sports Osnabr\u00fcck-L\u00fcstringen"},"content":{"rendered":"<div><strong>Vor\u00adtrag Ganz\u00adheit\u00adli\u00adches Ged\u00e4cht\u00adnis\u00adtrai\u00adning (<span class=\"caps\">GGT<\/span>)<br>\n<\/strong><\/div>\n<div>\n<p><span style=\"color: #38b6ab;\">Fit durch Denken<\/span><\/p>\n<\/div>\n<div class=\"col-sm-4 bold clearfix sm-right\">\u2022 <span style=\"color: #38b6ab;\"><strong>Ort:<\/strong><\/span> Baha\u00adma-Sports L\u00fcstrin\u00adgen, Sie\u00admens\u00adstra\u00ad\u00dfe 9\u200a\u2013\u200a11, 49086 Osnabr\u00fcck<br>\n\u2022 <span style=\"color: #38b6ab;\"><strong>Ter\u00admin:<\/strong><\/span> Don\u00adners\u00adtag, 25. Okto\u00adber&nbsp;2018<br>\n\u2022 <span style=\"color: #38b6ab;\"><strong>Uhr\u00adzeit:<\/strong><\/span> 19:00 \u2013 20:30&nbsp;Uhr<\/div>\n<div>Der ganz\u00adheit\u00adli\u00adche Ansatz akti\u00adviert durch diverse<\/div>\n<div>Tech\u00adni\u00adken die gei\u00adsti\u00adgen und k\u00f6r\u00adper\u00adli\u00adchen Ressourcen.<\/div>\n<div>Eine posi\u00adti\u00adve Aus\u00adwir\u00adkung auf phy\u00adsi\u00adsche&nbsp;und<\/div>\n<div>psy\u00adchi\u00adsche Befind\u00adlich\u00adkei\u00adten stellt sich ein. Regelm\u00e4-<\/div>\n<div>\u00dfiges Ged\u00e4cht\u00adnis- und Kon\u00adzen\u00adtra\u00adti\u00adons\u00adtrai\u00adning&nbsp;h\u00e4lt<\/div>\n<div>\n<p>neu\u00adgie\u00adrig und&nbsp;fit.<\/p>\n<p>Tele\u00adfo\u00adni\u00adsche Reser\u00advie\u00adrung erw\u00fcnscht unter <strong>0541 389966<\/strong><\/p>\n<\/div>\n<div><a href=\"https:\/\/fitdurchdenken.de\/wp-content\/uploads\/0-fdd\/PDF\/S10-os-aug-dez-2018.pdf\" target=\"_blank\" rel=\"noopener\"><span style=\"color: #38b6ab;\"><strong>Info\u00adfly\u00ader<\/strong><\/span><\/a><\/div>\n<div><\/div>\n<div>\n<p><img loading=\"lazy\" decoding=\"async\" class=\"alignnone wp-image-1168 size-full\" src=\"https:\/\/fitdurchdenken.de\/wp-content\/uploads\/0-fdd\/pages\/S10-os-aug-dez-2018.jpg\" alt=\"Ganzheitliches Ged\u00e4chtnistraining Vortrag Susanne Phillipp Fit durch Denken\" width=\"150\" height=\"206\"><\/p>\n<\/div>\n<p><a href=\"https:\/\/fitdurchdenken.de\/\">zur\u00fcck zur Startseite<\/a><\/p>\n","protected":false},"excerpt":{"rendered":"<p>Vor\u00adtrag Ganz\u00adheit\u00adli\u00adches Ged\u00e4cht\u00adnis\u00adtrai\u00adning (<span class=\"caps\">GGT<\/span>) Fit durch Den\u00adken \u2022 Ort: Baha\u00ad\u00adma-Sports L\u00fcstrin\u00adgen, Sie\u00admens\u00adstra\u00ad\u00dfe 9 \u2013 11, 49086 Osna\u00adbr\u00fcck \u2022 Ter\u00admin: Don\u00adners\u00adtag, 25. Okto\u00adber&nbsp;2018 \u2022 Uhr\u00adzeit: 19:00 \u2013 20:30&nbsp;Uhr Der ganz\u00adheit\u00adli\u00adche Ansatz akti\u00adviert durch diver\u00adse Tech\u00adni\u00adken die gei\u00adsti\u00adgen und k\u00f6r\u00adper\u00adli\u00adchen Res\u00adsour\u00adcen. Eine posi\u00adti\u00adve Aus\u00adwir\u00adkung auf phy\u00adsi\u00adsche&nbsp;und psy\u00adchi\u00adsche Befind\u00adlich\u00adkei\u00adten stellt sich ein. Regel\u00adm\u00e4- \u00dfiges Ged\u00e4chtnis-&nbsp;\u2026<\/p>\n","protected":false},"author":1,"featured_media":0,"parent":0,"menu_order":0,"comment_status":"closed","ping_status":"closed","template":"","meta":{"_crdt_document":"","wp_typography_post_enhancements_disabled":false,"footnotes":""},"class_list":["post-1831","page","type-page","status-publish","hentry"],"yoast_head":"<!-- This site is optimized with the Yoast SEO plugin v27.1.1 - https:\/\/yoast.com\/product\/yoast-seo-wordpress\/ -->\n<title>Vortrag bei Bahama-Sports Osnabr\u00fcck-L\u00fcstringen - Ganzheitliches Ged\u00e4chtnistraining \u2022 Fit durch Denken<\/title>\n<meta name=\"robots\" content=\"index, follow, max-snippet:-1, max-image-preview:large, max-video-preview:-1\" \/>\n<link rel=\"canonical\" href=\"https:\/\/fitdurchdenken.de\/index.php\/vortrag-bei-bahama-sports-osnabrueck-luestringen\/\" \/>\n<meta property=\"og:locale\" content=\"de_DE\" \/>\n<meta property=\"og:type\" content=\"article\" \/>\n<meta property=\"og:title\" content=\"Vortrag bei Bahama-Sports Osnabr\u00fcck-L\u00fcstringen - Ganzheitliches Ged\u00e4chtnistraining \u2022 Fit durch Denken\" \/>\n<meta property=\"og:description\" content=\"Vor\u00adtrag Ganz\u00adheit\u00adli\u00adches Ged\u00e4cht\u00adnis\u00adtrai\u00adning (GGT) Fit durch Denken \u2022 Ort: Baha\u00adma-Sports L\u00fcstrin\u00adgen, Sie\u00admens\u00adstra\u00ad\u00dfe 9\u200a\u2013\u200a11, 49086 Osnabr\u00fcck \u2022 Ter\u00admin: Don\u00adners\u00adtag, 25. Okto\u00adber&nbsp;2018 \u2022 Uhr\u00adzeit: 19:00 \u2013 20:30&nbsp;Uhr Der ganz\u00adheit\u00adli\u00adche Ansatz akti\u00adviert durch diverse Tech\u00adni\u00adken die gei\u00adsti\u00adgen und k\u00f6r\u00adper\u00adli\u00adchen Ressourcen. Eine posi\u00adti\u00adve Aus\u00adwir\u00adkung auf phy\u00adsi\u00adsche&nbsp;und psy\u00adchi\u00adsche Befind\u00adlich\u00adkei\u00adten stellt sich ein. Regelm\u00e4- \u00dfiges Ged\u00e4cht\u00adnis- &hellip;\" \/>\n<meta property=\"og:url\" content=\"https:\/\/fitdurchdenken.de\/index.php\/vortrag-bei-bahama-sports-osnabrueck-luestringen\/\" \/>\n<meta property=\"og:site_name\" content=\"Ganzheitliches Ged\u00e4chtnistraining \u2022 Fit durch Denken\" \/>\n<meta property=\"og:image\" content=\"https:\/\/fitdurchdenken.de\/wp-content\/uploads\/0-fdd\/pages\/S10-os-aug-dez-2018.jpg\" \/>\n<meta name=\"twitter:card\" content=\"summary_large_image\" \/>\n<script type=\"application\/ld+json\" class=\"yoast-schema-graph\">{\"@context\":\"https:\/\/schema.org\",\"@graph\":[{\"@type\":\"WebPage\",\"@id\":\"https:\/\/fitdurchdenken.de\/index.php\/vortrag-bei-bahama-sports-osnabrueck-luestringen\/\",\"url\":\"https:\/\/fitdurchdenken.de\/index.php\/vortrag-bei-bahama-sports-osnabrueck-luestringen\/\",\"name\":\"Vortrag bei Bahama-Sports Osnabr\u00fcck-L\u00fcstringen - Ganzheitliches Ged\u00e4chtnistraining \u2022 Fit durch Denken\",\"isPartOf\":{\"@id\":\"https:\/\/fitdurchdenken.de\/#website\"},\"primaryImageOfPage\":{\"@id\":\"https:\/\/fitdurchdenken.de\/index.php\/vortrag-bei-bahama-sports-osnabrueck-luestringen\/#primaryimage\"},\"image\":{\"@id\":\"https:\/\/fitdurchdenken.de\/index.php\/vortrag-bei-bahama-sports-osnabrueck-luestringen\/#primaryimage\"},\"thumbnailUrl\":\"https:\/\/fitdurchdenken.de\/wp-content\/uploads\/0-fdd\/pages\/S10-os-aug-dez-2018.jpg\",\"datePublished\":\"2019-01-01T13:00:54+00:00\",\"breadcrumb\":{\"@id\":\"https:\/\/fitdurchdenken.de\/index.php\/vortrag-bei-bahama-sports-osnabrueck-luestringen\/#breadcrumb\"},\"inLanguage\":\"de\",\"potentialAction\":[{\"@type\":\"ReadAction\",\"target\":[\"https:\/\/fitdurchdenken.de\/index.php\/vortrag-bei-bahama-sports-osnabrueck-luestringen\/\"]}]},{\"@type\":\"ImageObject\",\"inLanguage\":\"de\",\"@id\":\"https:\/\/fitdurchdenken.de\/index.php\/vortrag-bei-bahama-sports-osnabrueck-luestringen\/#primaryimage\",\"url\":\"https:\/\/fitdurchdenken.de\/wp-content\/uploads\/0-fdd\/pages\/S10-os-aug-dez-2018.jpg\",\"contentUrl\":\"https:\/\/fitdurchdenken.de\/wp-content\/uploads\/0-fdd\/pages\/S10-os-aug-dez-2018.jpg\",\"width\":\"150\",\"height\":\"206\",\"caption\":\"Ganzheitliches Ged\u00e4chtnistraining Vortrag Susanne Phillipp Fit durch Denken\"},{\"@type\":\"BreadcrumbList\",\"@id\":\"https:\/\/fitdurchdenken.de\/index.php\/vortrag-bei-bahama-sports-osnabrueck-luestringen\/#breadcrumb\",\"itemListElement\":[{\"@type\":\"ListItem\",\"position\":1,\"name\":\"Start\",\"item\":\"https:\/\/fitdurchdenken.de\/\"},{\"@type\":\"ListItem\",\"position\":2,\"name\":\"Vortrag bei Bahama-Sports Osnabr\u00fcck-L\u00fcstringen\"}]},{\"@type\":\"WebSite\",\"@id\":\"https:\/\/fitdurchdenken.de\/#website\",\"url\":\"https:\/\/fitdurchdenken.de\/\",\"name\":\"Ganzheitliches Ged\u00e4chtnistraining \u2022 Fit durch Denken\",\"description\":\"Susanne Phillipp \u2022 Ged\u00e4chtnistrainerin\",\"potentialAction\":[{\"@type\":\"SearchAction\",\"target\":{\"@type\":\"EntryPoint\",\"urlTemplate\":\"https:\/\/fitdurchdenken.de\/?s={search_term_string}\"},\"query-input\":{\"@type\":\"PropertyValueSpecification\",\"valueRequired\":true,\"valueName\":\"search_term_string\"}}],\"inLanguage\":\"de\"}]}<\/script>\n<!-- \/ Yoast SEO plugin. -->","yoast_head_json":{"title":"Vortrag bei Bahama-Sports Osnabr\u00fcck-L\u00fcstringen - Ganzheitliches Ged\u00e4chtnistraining \u2022 Fit durch Denken","robots":{"index":"index","follow":"follow","max-snippet":"max-snippet:-1","max-image-preview":"max-image-preview:large","max-video-preview":"max-video-preview:-1"},"canonical":"https:\/\/fitdurchdenken.de\/index.php\/vortrag-bei-bahama-sports-osnabrueck-luestringen\/","og_locale":"de_DE","og_type":"article","og_title":"Vortrag bei Bahama-Sports Osnabr\u00fcck-L\u00fcstringen - Ganzheitliches Ged\u00e4chtnistraining \u2022 Fit durch Denken","og_description":"Vor\u00adtrag Ganz\u00adheit\u00adli\u00adches Ged\u00e4cht\u00adnis\u00adtrai\u00adning (GGT) Fit durch Denken \u2022 Ort: Baha\u00adma-Sports L\u00fcstrin\u00adgen, Sie\u00admens\u00adstra\u00ad\u00dfe 9\u200a\u2013\u200a11, 49086 Osnabr\u00fcck \u2022 Ter\u00admin: Don\u00adners\u00adtag, 25. Okto\u00adber&nbsp;2018 \u2022 Uhr\u00adzeit: 19:00 \u2013 20:30&nbsp;Uhr Der ganz\u00adheit\u00adli\u00adche Ansatz akti\u00adviert durch diverse Tech\u00adni\u00adken die gei\u00adsti\u00adgen und k\u00f6r\u00adper\u00adli\u00adchen Ressourcen. Eine posi\u00adti\u00adve Aus\u00adwir\u00adkung auf phy\u00adsi\u00adsche&nbsp;und psy\u00adchi\u00adsche Befind\u00adlich\u00adkei\u00adten stellt sich ein. Regelm\u00e4- \u00dfiges Ged\u00e4cht\u00adnis- &hellip;","og_url":"https:\/\/fitdurchdenken.de\/index.php\/vortrag-bei-bahama-sports-osnabrueck-luestringen\/","og_site_name":"Ganzheitliches Ged\u00e4chtnistraining \u2022 Fit durch Denken","og_image":[{"url":"https:\/\/fitdurchdenken.de\/wp-content\/uploads\/0-fdd\/pages\/S10-os-aug-dez-2018.jpg","type":"","width":"","height":""}],"twitter_card":"summary_large_image","schema":{"@context":"https:\/\/schema.org","@graph":[{"@type":"WebPage","@id":"https:\/\/fitdurchdenken.de\/index.php\/vortrag-bei-bahama-sports-osnabrueck-luestringen\/","url":"https:\/\/fitdurchdenken.de\/index.php\/vortrag-bei-bahama-sports-osnabrueck-luestringen\/","name":"Vortrag bei Bahama-Sports Osnabr\u00fcck-L\u00fcstringen - Ganzheitliches Ged\u00e4chtnistraining \u2022 Fit durch Denken","isPartOf":{"@id":"https:\/\/fitdurchdenken.de\/#website"},"primaryImageOfPage":{"@id":"https:\/\/fitdurchdenken.de\/index.php\/vortrag-bei-bahama-sports-osnabrueck-luestringen\/#primaryimage"},"image":{"@id":"https:\/\/fitdurchdenken.de\/index.php\/vortrag-bei-bahama-sports-osnabrueck-luestringen\/#primaryimage"},"thumbnailUrl":"https:\/\/fitdurchdenken.de\/wp-content\/uploads\/0-fdd\/pages\/S10-os-aug-dez-2018.jpg","datePublished":"2019-01-01T13:00:54+00:00","breadcrumb":{"@id":"https:\/\/fitdurchdenken.de\/index.php\/vortrag-bei-bahama-sports-osnabrueck-luestringen\/#breadcrumb"},"inLanguage":"de","potentialAction":[{"@type":"ReadAction","target":["https:\/\/fitdurchdenken.de\/index.php\/vortrag-bei-bahama-sports-osnabrueck-luestringen\/"]}]},{"@type":"ImageObject","inLanguage":"de","@id":"https:\/\/fitdurchdenken.de\/index.php\/vortrag-bei-bahama-sports-osnabrueck-luestringen\/#primaryimage","url":"https:\/\/fitdurchdenken.de\/wp-content\/uploads\/0-fdd\/pages\/S10-os-aug-dez-2018.jpg","contentUrl":"https:\/\/fitdurchdenken.de\/wp-content\/uploads\/0-fdd\/pages\/S10-os-aug-dez-2018.jpg","width":"150","height":"206","caption":"Ganzheitliches Ged\u00e4chtnistraining Vortrag Susanne Phillipp Fit durch Denken"},{"@type":"BreadcrumbList","@id":"https:\/\/fitdurchdenken.de\/index.php\/vortrag-bei-bahama-sports-osnabrueck-luestringen\/#breadcrumb","itemListElement":[{"@type":"ListItem","position":1,"name":"Start","item":"https:\/\/fitdurchdenken.de\/"},{"@type":"ListItem","position":2,"name":"Vortrag bei Bahama-Sports Osnabr\u00fcck-L\u00fcstringen"}]},{"@type":"WebSite","@id":"https:\/\/fitdurchdenken.de\/#website","url":"https:\/\/fitdurchdenken.de\/","name":"Ganzheitliches Ged\u00e4chtnistraining \u2022 Fit durch Denken","description":"Susanne Phillipp \u2022 Ged\u00e4chtnistrainerin","potentialAction":[{"@type":"SearchAction","target":{"@type":"EntryPoint","urlTemplate":"https:\/\/fitdurchdenken.de\/?s={search_term_string}"},"query-input":{"@type":"PropertyValueSpecification","valueRequired":true,"valueName":"search_term_string"}}],"inLanguage":"de"}]}},"_links":{"self":[{"href":"https:\/\/fitdurchdenken.de\/index.php\/wp-json\/wp\/v2\/pages\/1831","targetHints":{"allow":["GET"]}}],"collection":[{"href":"https:\/\/fitdurchdenken.de\/index.php\/wp-json\/wp\/v2\/pages"}],"about":[{"href":"https:\/\/fitdurchdenken.de\/index.php\/wp-json\/wp\/v2\/types\/page"}],"author":[{"embeddable":true,"href":"https:\/\/fitdurchdenken.de\/index.php\/wp-json\/wp\/v2\/users\/1"}],"replies":[{"embeddable":true,"href":"https:\/\/fitdurchdenken.de\/index.php\/wp-json\/wp\/v2\/comments?post=1831"}],"version-history":[{"count":1,"href":"https:\/\/fitdurchdenken.de\/index.php\/wp-json\/wp\/v2\/pages\/1831\/revisions"}],"predecessor-version":[{"id":1832,"href":"https:\/\/fitdurchdenken.de\/index.php\/wp-json\/wp\/v2\/pages\/1831\/revisions\/1832"}],"wp:attachment":[{"href":"https:\/\/fitdurchdenken.de\/index.php\/wp-json\/wp\/v2\/media?parent=1831"}],"curies":[{"name":"wp","href":"https:\/\/api.w.org\/{rel}","templated":true}]}}