{"id":136,"date":"2017-11-20T13:52:48","date_gmt":"2017-11-20T12:52:48","guid":{"rendered":"https:\/\/fitdurchdenken.de\/?page_id=136"},"modified":"2018-04-08T14:56:00","modified_gmt":"2018-04-08T12:56:00","slug":"ueber-mich","status":"publish","type":"page","link":"https:\/\/fitdurchdenken.de\/index.php\/start\/ueber-mich\/","title":{"rendered":"\u00fcber mich"},"content":{"rendered":"<p>Gebo\u00adren bin ich 1961 in der Stadt Essen, die nun\u00admehr seit 2017 Gr\u00fc\u00adne Haupt\u00adstadt Euro\u00adpas ist. Auf\u00adge\u00adwach\u00adsen im Schat\u00adten der Zeche Zoll\u00adver\u00adein und im Licht des Gru\u00adga Parks. Umge\u00adben und beh\u00fc\u00adtet von Men\u00adschen, die \u00fcber\u00adaus prag\u00adma\u00adtisch den\u00adkend und han\u00addelnd, alle mit dem Herz am rech\u00adten Fleck aus\u00adge\u00adstat\u00adtet waren, und wie es dem Pott ent\u00adsprach, im t\u00e4g\u00adli\u00adchen Mit\u00adein\u00adan\u00adder kein Blatt vor den Mund nah\u00admen. Das&nbsp;pr\u00e4gt!<br>\nIm Jah\u00adre 1989 habe ich, ver\u00adbun\u00adden mit einem Umzug ins Osna\u00adbr\u00fccker Land, mein eige\u00adnes klei\u00adnes Fami\u00adli\u00aden\u00adun\u00adter\u00adneh\u00admen gegr\u00fcndet.<br>\n2003 nahm dann mei\u00adne zwei\u00adte beruf\u00adli\u00adche Lauf\u00adbahn ihren Gang; ich begann eine Aus\u00adbil\u00addung in einem Finanzdienstleistungsunternehmen.<br>\nMein schon immer lei\u00adden\u00adschaft\u00adlich vor\u00adhan\u00adde\u00adnes Inter\u00ades\u00adse an Kom\u00admu\u00adni\u00adka\u00adti\u00adon konn\u00adte sich nun ent\u00adfal\u00adten. Ich konn\u00adte mei\u00adne Erfah\u00adrung dar\u00adin umset\u00adzen, wie wich\u00adtig es ist bei den Men\u00adschen hin\u00adzu\u00adh\u00f6\u00adren, um so ihre per\u00ads\u00f6n\u00adli\u00adchen Zie\u00adle und W\u00fcn\u00adsche zu erfah\u00adren, um sie bei deren Rea\u00adli\u00adsie\u00adrung zu unterst\u00fctzen.<br>\nIch bin seit 2006 zer\u00adti\u00adfi\u00adzier\u00adte und unab\u00adh\u00e4n\u00adgi\u00adge Finanz\u00addienst\u00adlei\u00adste\u00adrin auf selb\u00adst\u00e4n\u00addi\u00adger Basis mit eige\u00adnem B\u00fcro und ent\u00adspre\u00adchen\u00adden Semi\u00adnar\u00adr\u00e4u\u00admen in Bad Iburg und arbei\u00adte genau\u00adso lang\u00adj\u00e4h\u00adrig im Au\u00dfendienst.<br>\nPar\u00adal\u00adlel habe ich eine Wei\u00adter\u00adbil\u00addung zur Kom\u00admu\u00adni\u00adka\u00adti\u00adons\u00adtrai\u00adne\u00adrin gemacht und 2007\/2008 im Insti\u00adtut f\u00fcr Kom\u00admu\u00adni\u00adka\u00adti\u00adon und Per\u00adso\u00adnal\u00adent\u00adwick\u00adlung in Erftstadt\/K\u00f6ln erg\u00e4n\u00adzend den <a href=\"https:\/\/fitdurchdenken.de\/index.php\/glossar\/\" target=\"_blank\" rel=\"noopener\"><span class=\"caps\">NLP<\/span><\/a>-Prac\u00adti\u00adtio\u00adner. Abschluss\u00adar\u00adbeit: ein kaba\u00adret\u00adti\u00adsti\u00adscher Text f\u00fcr eine Per\u00adson zum The\u00adma <a href=\"https:\/\/fitdurchdenken.de\/index.php\/glossar\/\" target=\"_blank\" rel=\"noopener\"><span class=\"caps\">NLP<\/span><\/a>\/ Kom\u00admu\u00adni\u00adka\u00adti\u00adon nach <a href=\"https:\/\/fitdurchdenken.de\/index.php\/begruessung\/quellen\/\" target=\"_blank\" rel=\"noopener\">Frie\u00adde\u00admann Schulz von Thun<\/a> (Mit\u00adein\u00adan\u00adder Reden \/Allgemeine Psy\u00adcho\u00adlo\u00adgie der Kom\u00admu\u00adni\u00adka\u00adti\u00adon). 2010\/2011 im sel\u00adben Insti\u00adtut den <a href=\"https:\/\/fitdurchdenken.de\/index.php\/glossar\/\" target=\"_blank\" rel=\"noopener\"><span class=\"caps\">NLP<\/span><\/a>-Master, Abschluss\u00adar\u00adbeit: eine filmisch\/musikalische Doku\u00admen\u00adta\u00adti\u00adon zum The\u00adma \u00bbCha\u00adris\u00adma\u00ab.<br>\nEben\u00adfalls 2003 habe ich mit dem Jog\u00adgen ange\u00adfan\u00adgen und es ist zum wich\u00adti\u00adgen Bestand\u00adteil mei\u00adnes Lebens gewor\u00adden. Es beweist mir ein\u00addr\u00fcck\u00adlich den so oft beschrie\u00adbe\u00adnen Zusam\u00admen\u00adhang von k\u00f6r\u00adper\u00adli\u00adcher und gei\u00adsti\u00adger Fitness.<br>\nAus\u00adschlag\u00adge\u00adbend f\u00fcr mein Inter\u00ades\u00adse am Ged\u00e4cht\u00adnis\u00adtrai\u00adning ist mei\u00adne Teil\u00adnah\u00adme an der Heinz Nix\u00addorf Recall Mehr\u00adGe\u00adne\u00adra\u00adtio\u00adnen\u00adStu\u00addie. Die\u00adse Stu\u00addie unter\u00adsucht unter ande\u00adrem den Zusam\u00admen\u00adhang zwi\u00adschen dem gei\u00adsti\u00adgen und dem bio\u00adlo\u00adgi\u00adschen Alter. Ich bin begei\u00adstert von den F\u00e4hig\u00adkei\u00adten unse\u00adres Gehirns und besch\u00e4f\u00adti\u00adge mich seit lan\u00adger Zeit auch mit den wis\u00adsen\u00adschaft\u00adli\u00adchen Grund\u00adla\u00adgen der Hirn\u00adfor\u00adschung in Bezug auf das Alter. Seit 2017 bin ich zer\u00adti\u00adfi\u00adzier\u00adte Ged\u00e4cht\u00adnis\u00adtrai\u00adne\u00adrin und Mit\u00adglied im <a href=\"https:\/\/fitdurchdenken.de\/index.php\/partner\/\" target=\"_blank\" rel=\"noopener\"><span class=\"caps\">BVGT<\/span><\/a>.<\/p>\n<p>Ich habe im \u00bbGanz\u00adheit\u00adli\u00adchen Ged\u00e4cht\u00adnis\u00adtrai\u00adning\u00ab mei\u00adnen per\u00ads\u00f6n\u00adli\u00adchen Sinn gefun\u00adden und erken\u00adne mei\u00adne Lei\u00adden\u00adschaft daf\u00fcr, die\u00adsen mit vie\u00adlen Men\u00adschen zu tei\u00adlen, indem ich sie begei\u00adstern kann sich mit Spa\u00df und Freu\u00adde im t\u00e4g\u00adli\u00adchen Leben gei\u00adstig fit zu hal\u00adten. In mei\u00adnen Semi\u00adna\u00adren und Kur\u00adsen gebe ich ihnen Ein\u00adblicke und Aus\u00adblicke, Metho\u00adden und Tech\u00adni\u00adken an die Hand, die sie immer bei sich haben k\u00f6nnen.<br>\n<strong>Ich m\u00f6ch\u00adte Sie inspi\u00adrie\u00adren, Ihnen M\u00f6g\u00adlich\u00adkei\u00adten anbie\u00adten, Sie zum Erfolg f\u00fchren.<\/strong><\/p>\n<p><span class=\"dquo\">\u00bb<\/span>Was Sie heu\u00adte sind, ist ein Hin\u00adweis dar\u00adauf, was Sie gelernt haben, aber nicht auf das, was Ihr Poten\u00adti\u00adal ist\u00ab (Vir\u00adgi\u00adnia&nbsp;Satir)<\/p>\n","protected":false},"excerpt":{"rendered":"<p>Gebo\u00adren bin ich 1961 in der Stadt Essen, die nun\u00admehr seit 2017 Gr\u00fc\u00adne Haupt\u00adstadt Euro\u00adpas ist. Auf\u00adge\u00adwach\u00adsen im Schat\u00adten der Zeche Zoll\u00adver\u00adein und im Licht des Gru\u00adga Parks. Umge\u00adben und beh\u00fc\u00adtet von Men\u00adschen, die \u00fcber\u00adaus prag\u00adma\u00adtisch den\u00adkend und han\u00addelnd, alle mit dem Herz am rech\u00adten Fleck aus\u00adge\u00adstat\u00adtet waren, und&nbsp;wie&nbsp;\u2026<\/p>\n","protected":false},"author":1,"featured_media":804,"parent":33,"menu_order":1,"comment_status":"closed","ping_status":"closed","template":"","meta":{"_crdt_document":"","wp_typography_post_enhancements_disabled":false,"footnotes":""},"class_list":["post-136","page","type-page","status-publish","has-post-thumbnail","hentry"],"yoast_head":"<!-- This site is optimized with the Yoast SEO plugin v27.1.1 - https:\/\/yoast.com\/product\/yoast-seo-wordpress\/ -->\n<title>\u00fcber mich<\/title>\n<meta name=\"description\" content=\"Ganzheitliches Ged\u00e4chtnistraining fit durch denken Susanne Phillipp \u00fcber mich\" \/>\n<meta name=\"robots\" content=\"index, follow, max-snippet:-1, max-image-preview:large, max-video-preview:-1\" \/>\n<link rel=\"canonical\" href=\"https:\/\/fitdurchdenken.de\/index.php\/start\/ueber-mich\/\" \/>\n<meta property=\"og:locale\" content=\"de_DE\" \/>\n<meta property=\"og:type\" content=\"article\" \/>\n<meta property=\"og:title\" content=\"\u00fcber mich\" \/>\n<meta property=\"og:description\" content=\"Ganzheitliches Ged\u00e4chtnistraining fit durch denken Susanne Phillipp \u00fcber mich\" \/>\n<meta property=\"og:url\" content=\"https:\/\/fitdurchdenken.de\/index.php\/start\/ueber-mich\/\" \/>\n<meta property=\"og:site_name\" content=\"Ganzheitliches Ged\u00e4chtnistraining \u2022 Fit durch Denken\" \/>\n<meta property=\"article:modified_time\" content=\"2018-04-08T12:56:00+00:00\" \/>\n<meta property=\"og:image\" content=\"https:\/\/fitdurchdenken.de\/wp-content\/uploads\/0-fdd\/pages\/KinderbildSusanne.jpg\" \/>\n\t<meta property=\"og:image:width\" content=\"512\" \/>\n\t<meta property=\"og:image:height\" content=\"384\" \/>\n\t<meta property=\"og:image:type\" content=\"image\/jpeg\" \/>\n<meta name=\"twitter:card\" content=\"summary_large_image\" \/>\n<meta name=\"twitter:label1\" content=\"Gesch\u00e4tzte Lesezeit\" \/>\n\t<meta name=\"twitter:data1\" content=\"2\u00a0Minuten\" \/>\n<script type=\"application\/ld+json\" class=\"yoast-schema-graph\">{\"@context\":\"https:\/\/schema.org\",\"@graph\":[{\"@type\":\"WebPage\",\"@id\":\"https:\/\/fitdurchdenken.de\/index.php\/start\/ueber-mich\/\",\"url\":\"https:\/\/fitdurchdenken.de\/index.php\/start\/ueber-mich\/\",\"name\":\"\u00fcber mich\",\"isPartOf\":{\"@id\":\"https:\/\/fitdurchdenken.de\/#website\"},\"primaryImageOfPage\":{\"@id\":\"https:\/\/fitdurchdenken.de\/index.php\/start\/ueber-mich\/#primaryimage\"},\"image\":{\"@id\":\"https:\/\/fitdurchdenken.de\/index.php\/start\/ueber-mich\/#primaryimage\"},\"thumbnailUrl\":\"https:\/\/fitdurchdenken.de\/wp-content\/uploads\/0-fdd\/pages\/KinderbildSusanne.jpg\",\"datePublished\":\"2017-11-20T12:52:48+00:00\",\"dateModified\":\"2018-04-08T12:56:00+00:00\",\"description\":\"Ganzheitliches Ged\u00e4chtnistraining fit durch denken Susanne Phillipp \u00fcber mich\",\"breadcrumb\":{\"@id\":\"https:\/\/fitdurchdenken.de\/index.php\/start\/ueber-mich\/#breadcrumb\"},\"inLanguage\":\"de\",\"potentialAction\":[{\"@type\":\"ReadAction\",\"target\":[\"https:\/\/fitdurchdenken.de\/index.php\/start\/ueber-mich\/\"]}]},{\"@type\":\"ImageObject\",\"inLanguage\":\"de\",\"@id\":\"https:\/\/fitdurchdenken.de\/index.php\/start\/ueber-mich\/#primaryimage\",\"url\":\"https:\/\/fitdurchdenken.de\/wp-content\/uploads\/0-fdd\/pages\/KinderbildSusanne.jpg\",\"contentUrl\":\"https:\/\/fitdurchdenken.de\/wp-content\/uploads\/0-fdd\/pages\/KinderbildSusanne.jpg\",\"width\":\"512\",\"height\":\"384\"},{\"@type\":\"BreadcrumbList\",\"@id\":\"https:\/\/fitdurchdenken.de\/index.php\/start\/ueber-mich\/#breadcrumb\",\"itemListElement\":[{\"@type\":\"ListItem\",\"position\":1,\"name\":\"Start\",\"item\":\"https:\/\/fitdurchdenken.de\/\"},{\"@type\":\"ListItem\",\"position\":2,\"name\":\"Start\",\"item\":\"https:\/\/fitdurchdenken.de\/\"},{\"@type\":\"ListItem\",\"position\":3,\"name\":\"\u00fcber mich\"}]},{\"@type\":\"WebSite\",\"@id\":\"https:\/\/fitdurchdenken.de\/#website\",\"url\":\"https:\/\/fitdurchdenken.de\/\",\"name\":\"Ganzheitliches Ged\u00e4chtnistraining \u2022 Fit durch Denken\",\"description\":\"Susanne Phillipp \u2022 Ged\u00e4chtnistrainerin\",\"potentialAction\":[{\"@type\":\"SearchAction\",\"target\":{\"@type\":\"EntryPoint\",\"urlTemplate\":\"https:\/\/fitdurchdenken.de\/?s={search_term_string}\"},\"query-input\":{\"@type\":\"PropertyValueSpecification\",\"valueRequired\":true,\"valueName\":\"search_term_string\"}}],\"inLanguage\":\"de\"}]}<\/script>\n<!-- \/ Yoast SEO plugin. -->","yoast_head_json":{"title":"\u00fcber mich","description":"Ganzheitliches Ged\u00e4chtnistraining fit durch denken Susanne Phillipp \u00fcber mich","robots":{"index":"index","follow":"follow","max-snippet":"max-snippet:-1","max-image-preview":"max-image-preview:large","max-video-preview":"max-video-preview:-1"},"canonical":"https:\/\/fitdurchdenken.de\/index.php\/start\/ueber-mich\/","og_locale":"de_DE","og_type":"article","og_title":"\u00fcber mich","og_description":"Ganzheitliches Ged\u00e4chtnistraining fit durch denken Susanne Phillipp \u00fcber mich","og_url":"https:\/\/fitdurchdenken.de\/index.php\/start\/ueber-mich\/","og_site_name":"Ganzheitliches Ged\u00e4chtnistraining \u2022 Fit durch Denken","article_modified_time":"2018-04-08T12:56:00+00:00","og_image":[{"width":512,"height":384,"url":"https:\/\/fitdurchdenken.de\/wp-content\/uploads\/0-fdd\/pages\/KinderbildSusanne.jpg","type":"image\/jpeg"}],"twitter_card":"summary_large_image","twitter_misc":{"Gesch\u00e4tzte Lesezeit":"2\u00a0Minuten"},"schema":{"@context":"https:\/\/schema.org","@graph":[{"@type":"WebPage","@id":"https:\/\/fitdurchdenken.de\/index.php\/start\/ueber-mich\/","url":"https:\/\/fitdurchdenken.de\/index.php\/start\/ueber-mich\/","name":"\u00fcber mich","isPartOf":{"@id":"https:\/\/fitdurchdenken.de\/#website"},"primaryImageOfPage":{"@id":"https:\/\/fitdurchdenken.de\/index.php\/start\/ueber-mich\/#primaryimage"},"image":{"@id":"https:\/\/fitdurchdenken.de\/index.php\/start\/ueber-mich\/#primaryimage"},"thumbnailUrl":"https:\/\/fitdurchdenken.de\/wp-content\/uploads\/0-fdd\/pages\/KinderbildSusanne.jpg","datePublished":"2017-11-20T12:52:48+00:00","dateModified":"2018-04-08T12:56:00+00:00","description":"Ganzheitliches Ged\u00e4chtnistraining fit durch denken Susanne Phillipp \u00fcber mich","breadcrumb":{"@id":"https:\/\/fitdurchdenken.de\/index.php\/start\/ueber-mich\/#breadcrumb"},"inLanguage":"de","potentialAction":[{"@type":"ReadAction","target":["https:\/\/fitdurchdenken.de\/index.php\/start\/ueber-mich\/"]}]},{"@type":"ImageObject","inLanguage":"de","@id":"https:\/\/fitdurchdenken.de\/index.php\/start\/ueber-mich\/#primaryimage","url":"https:\/\/fitdurchdenken.de\/wp-content\/uploads\/0-fdd\/pages\/KinderbildSusanne.jpg","contentUrl":"https:\/\/fitdurchdenken.de\/wp-content\/uploads\/0-fdd\/pages\/KinderbildSusanne.jpg","width":"512","height":"384"},{"@type":"BreadcrumbList","@id":"https:\/\/fitdurchdenken.de\/index.php\/start\/ueber-mich\/#breadcrumb","itemListElement":[{"@type":"ListItem","position":1,"name":"Start","item":"https:\/\/fitdurchdenken.de\/"},{"@type":"ListItem","position":2,"name":"Start","item":"https:\/\/fitdurchdenken.de\/"},{"@type":"ListItem","position":3,"name":"\u00fcber mich"}]},{"@type":"WebSite","@id":"https:\/\/fitdurchdenken.de\/#website","url":"https:\/\/fitdurchdenken.de\/","name":"Ganzheitliches Ged\u00e4chtnistraining \u2022 Fit durch Denken","description":"Susanne Phillipp \u2022 Ged\u00e4chtnistrainerin","potentialAction":[{"@type":"SearchAction","target":{"@type":"EntryPoint","urlTemplate":"https:\/\/fitdurchdenken.de\/?s={search_term_string}"},"query-input":{"@type":"PropertyValueSpecification","valueRequired":true,"valueName":"search_term_string"}}],"inLanguage":"de"}]}},"_links":{"self":[{"href":"https:\/\/fitdurchdenken.de\/index.php\/wp-json\/wp\/v2\/pages\/136","targetHints":{"allow":["GET"]}}],"collection":[{"href":"https:\/\/fitdurchdenken.de\/index.php\/wp-json\/wp\/v2\/pages"}],"about":[{"href":"https:\/\/fitdurchdenken.de\/index.php\/wp-json\/wp\/v2\/types\/page"}],"author":[{"embeddable":true,"href":"https:\/\/fitdurchdenken.de\/index.php\/wp-json\/wp\/v2\/users\/1"}],"replies":[{"embeddable":true,"href":"https:\/\/fitdurchdenken.de\/index.php\/wp-json\/wp\/v2\/comments?post=136"}],"version-history":[{"count":21,"href":"https:\/\/fitdurchdenken.de\/index.php\/wp-json\/wp\/v2\/pages\/136\/revisions"}],"predecessor-version":[{"id":748,"href":"https:\/\/fitdurchdenken.de\/index.php\/wp-json\/wp\/v2\/pages\/136\/revisions\/748"}],"up":[{"embeddable":true,"href":"https:\/\/fitdurchdenken.de\/index.php\/wp-json\/wp\/v2\/pages\/33"}],"wp:featuredmedia":[{"embeddable":true,"href":"https:\/\/fitdurchdenken.de\/index.php\/wp-json\/wp\/v2\/media\/804"}],"wp:attachment":[{"href":"https:\/\/fitdurchdenken.de\/index.php\/wp-json\/wp\/v2\/media?parent=136"}],"curies":[{"name":"wp","href":"https:\/\/api.w.org\/{rel}","templated":true}]}}